{"id":3367,"date":"2020-06-26T10:34:37","date_gmt":"2020-06-26T08:34:37","guid":{"rendered":"https:\/\/fisioioga.com\/web2020elena\/?page_id=3367"},"modified":"2020-07-13T10:04:21","modified_gmt":"2020-07-13T08:04:21","slug":"sandra-casellas","status":"publish","type":"page","link":"https:\/\/fisioioga.com\/es\/sandra-casellas\/","title":{"rendered":"Sandra Casellas"},"content":{"rendered":"<div class=\"wpb-content-wrapper\"><p>[vc_row full_width=\u00bbstretch_row_content_no_spaces\u00bb equal_height=\u00bbyes\u00bb rtl_reverse=\u00bbyes\u00bb content_placement=\u00bbbottom\u00bb enable_overlay=\u00bbenable_overlay_value\u00bb el_class=\u00bbreverse-row-on-mobile\u00bb css=\u00bb.vc_custom_1591106668140{background-image: url(https:\/\/fisioioga.com\/web2020elena\/wp-content\/uploads\/2020\/06\/1.png?id=3175) !important;background-position: center !important;background-repeat: no-repeat !important;background-size: cover !important;}\u00bb][vc_column width=\u00bb1\/3&#8243; css=\u00bb.vc_custom_1591113737822{margin-top: 0px !important;margin-bottom: 0px !important;border-top-width: 0px !important;border-bottom-width: 0px !important;padding-bottom: 0px !important;background-position: center !important;background-repeat: no-repeat !important;background-size: cover !important;}\u00bb][vc_single_image image=\u00bb3441&#8243; img_size=\u00bbfull\u00bb css=\u00bb.vc_custom_1593872768208{margin-top: 0px !important;margin-bottom: 0px !important;border-top-width: 0px !important;border-bottom-width: 0px !important;padding-top: 0px !important;padding-bottom: 0px !important;}\u00bb][\/vc_column][vc_column css_animation=\u00bbfadeInUp\u00bb width=\u00bb1\/3&#8243; css=\u00bb.vc_custom_1591106380879{margin-bottom: 0px !important;border-bottom-width: 0px !important;padding-top: 15% !important;padding-right: 10% !important;padding-bottom: 15% !important;padding-left: 10% !important;}\u00bb]<div id=\"ultimate-heading-449169fa0f9e31725\" class=\"uvc-heading ult-adjust-bottom-margin ultimate-heading-449169fa0f9e31725 uvc-442 \" data-hspacer=\"no_spacer\"  data-halign=\"left\" style=\"text-align:left\"><div class=\"uvc-heading-spacer no_spacer\" style=\"top\"><\/div><div class=\"uvc-main-heading ult-responsive\"  data-ultimate-target='.uvc-heading.ultimate-heading-449169fa0f9e31725 h1'  data-responsive-json-new='{\"font-size\":\"desktop:45px;\",\"line-height\":\"desktop:48px;\"}' ><h1 style=\"font-family:&#039;Poppins&#039;;text-decoration:underline;font-weight:normal;font-style:normal;color:#ffffff;margin-bottom:30px;\">Sandra Casellas<\/h1><\/div><div class=\"uvc-sub-heading ult-responsive\"  data-ultimate-target='.uvc-heading.ultimate-heading-449169fa0f9e31725 .uvc-sub-heading '  data-responsive-json-new='{\"font-size\":\"desktop:18px;\",\"line-height\":\"desktop:23px;\"}'  style=\"font-family:&#039;Poppins&#039;;font-weight:300;color:#ffffff;\">Soy <strong>fisioterapeuta<\/strong> formada en:<\/p>\n<p>Fisioyoga<\/p>\n<p>Vinyasa yoga<\/p>\n<p>Ashtanga yoga<\/p>\n<p>Yoga como instrumento terap\u00e9utico<\/p>\n<p>Yogakids<\/p>\n<p>Rehabilitaci\u00f3n y adaptaci\u00f3n al deporte<\/div><\/div>[\/vc_column][vc_column width=\u00bb1\/3&#8243;][\/vc_column][\/vc_row][vc_row full_width=\u00bbstretch_row_content_no_spaces\u00bb equal_height=\u00bbyes\u00bb rtl_reverse=\u00bbyes\u00bb content_placement=\u00bbbottom\u00bb enable_overlay=\u00bbenable_overlay_value\u00bb el_class=\u00bbreverse-row-on-mobile\u00bb css=\u00bb.vc_custom_1591106911350{background-color: #528682 !important;background-position: center !important;background-repeat: no-repeat !important;background-size: cover !important;}\u00bb][vc_column width=\u00bb1\/3&#8243; css=\u00bb.vc_custom_1591106269090{margin-top: 0px !important;margin-bottom: 0px !important;border-top-width: 0px !important;border-bottom-width: 0px !important;padding-top: 0px !important;padding-bottom: 0px !important;background-position: center !important;background-repeat: no-repeat !important;background-size: cover !important;}\u00bb][\/vc_column][vc_column css_animation=\u00bbfadeInUp\u00bb width=\u00bb2\/3&#8243; css=\u00bb.vc_custom_1591107023202{margin-bottom: 0px !important;border-bottom-width: 0px !important;padding-top: 10% !important;padding-right: 10% !important;padding-bottom: 10% !important;padding-left: 5% !important;}\u00bb]<div id=\"ultimate-heading-68169fa0f9e3176e\" class=\"uvc-heading ult-adjust-bottom-margin ultimate-heading-68169fa0f9e3176e uvc-8625 \" data-hspacer=\"no_spacer\"  data-halign=\"left\" style=\"text-align:left\"><div class=\"uvc-heading-spacer no_spacer\" style=\"top\"><\/div><div class=\"uvc-sub-heading ult-responsive\"  data-ultimate-target='.uvc-heading.ultimate-heading-68169fa0f9e3176e .uvc-sub-heading '  data-responsive-json-new='{\"font-size\":\"desktop:18px;\",\"line-height\":\"desktop:23px;\"}'  style=\"font-family:&#039;Poppins&#039;;font-weight:300;color:#ffffff;\">Soy Sandra Casellas y estoy <strong>especializada en la vertiente terap\u00e9utica del yoga<\/strong> y formada en varias especialidades que me han llevado a tener una visi\u00f3n global del cuerpo y de la persona, viendo cada individuo como un todo y tratando de incidir en diferentes aspectos, no s\u00f3lo con la lesi\u00f3n en s\u00ed misma.<\/p>\n<p>La lesi\u00f3n es una consecuencia de las desalineaciones biomec\u00e1nicas que representan la misma actitud ante los retos diarios de la vida, y por tanto la mirada ser\u00e1 global teniendo en cuenta diferentes aspectos de car\u00e1cter emocional y espiritual que tambi\u00e9n estar\u00e1n relacionados.<\/p>\n<p>Cuando una persona me pide ayuda para una epicondilitis, por ejemplo, no s\u00f3lo se tratar\u00e1 aquella inserci\u00f3n del tend\u00f3n afectado sino que tambi\u00e9n habr\u00e1 una mirada a toda su postura global. Buscaremos el or\u00edgen de la desalineaci\u00f3n causante de aquella epicondilitis y observaremos los movimientos de todo el cuerpo al caminar, al sentarse y en c\u00f3mo y qu\u00e9 explica.<\/p>\n<p>Ofrezco <strong>sesiones de Fisioioga en grupo<\/strong> y sesiones <a href=\"https:\/\/fisioioga.com\/es\/que-es-fisioyoga\/\"><strong>individuales personalizadas<\/strong><\/a>. Tambi\u00e9n ofrezco un amplio abanico de <strong>masajes shala<\/strong>.<\/p>\n<p>Si tienes dudas o quieres m\u00e1s informaci\u00f3n, cont\u00e1ctame y estar\u00e9 encantada de ayudarte. Tambi\u00e9n <strong>te invito a una sesi\u00f3n en grupo gratuita de prueba<\/strong> para que puedas experimentar y decidir.<\/p>\n<p>&nbsp;<\/p>\n<p>&nbsp;<\/p>\n<p>&nbsp;<\/p>\n<p><img decoding=\"async\" class=\"alignnone wp-image-3287\" src=\"https:\/\/fisioioga.com\/web2020elena\/wp-content\/uploads\/2020\/06\/sandra-casellas-300x211.png\" alt=\"\" width=\"200\" height=\"141\" srcset=\"https:\/\/fisioioga.com\/wp-content\/uploads\/2020\/06\/sandra-casellas-300x211.png 300w, https:\/\/fisioioga.com\/wp-content\/uploads\/2020\/06\/sandra-casellas-768x540.png 768w, https:\/\/fisioioga.com\/wp-content\/uploads\/2020\/06\/sandra-casellas.png 771w\" sizes=\"(max-width: 200px) 100vw, 200px\" \/><\/div><\/div>[\/vc_column][\/vc_row][vc_row full_width=\u00bbstretch_row_content_no_spaces\u00bb equal_height=\u00bbyes\u00bb rtl_reverse=\u00bbyes\u00bb content_placement=\u00bbbottom\u00bb enable_overlay=\u00bbenable_overlay_value\u00bb el_class=\u00bbreverse-row-on-mobile\u00bb css=\u00bb.vc_custom_1594097381115{background-color: #628484 !important;background-position: center !important;background-repeat: no-repeat !important;background-size: cover !important;}\u00bb][vc_column css=\u00bb.vc_custom_1594097164591{margin-top: 0px !important;margin-right: 0px !important;margin-bottom: 0px !important;margin-left: 0px !important;border-top-width: 0px !important;border-right-width: 0px !important;border-bottom-width: 0px !important;border-left-width: 0px !important;padding-top: 0px !important;padding-right: 0px !important;padding-bottom: 0px !important;padding-left: 0px !important;background-position: center !important;background-repeat: no-repeat !important;background-size: cover !important;}\u00bb]<div id=\"ultimate-video-151769fa0f9e317b7\" class=\"ult-video  vc_custom_1594097317327 ult-adjust-bottom-margin ultimate-video-151769fa0f9e317b7 ultv-7669 \"><div class=\"ultv-video ultv-aspect-ratio-16_9 ultv-subscribe-responsive-none\" data-videotype=\"vimeo_video\">\n\t\t\t\t\t\t<div class=\"ultv-video__outer-wrap\" data-autoplay=\"0\" data-device=\"false\"  data-iconbg=\"#3A3A3A\" data-overcolor=\"\" data-defaultbg=\"#1f1f1e\" data-defaultplay=\"defaulticon\"><div class=\"ultv-video__play\" data-src=\"https:\/\/player.vimeo.com\/video\/435879192?loop=0&#038;title=0&#038;portrait=0&#038;byline=0&#038;color&#038;autopause=0&#038;autoplay=1\">\n\t\t\t\t\t\t\t\t<img decoding=\"async\" class=\"ultv-video__thumb\" src=\"https:\/\/i.vimeocdn.com\/video\/920244995-d5244524934939d33a26c532fded3a98cbba65ee058618d82c087e8abb0c6ce7-d_840?region=us\"\/>\n\t\t\t\t\t\t\t\t<div class=\"ultv-video__play-icon  ultv-animation-none\" style=\"width:75px\"><svg version=\"1.1\" height=\"100%\" width=\"100%\"  viewBox=\"0 14.375 95 66.25\"><path class=\"ultv-vimeo-icon-bg\" d=\"M12.5,14.375c-6.903,0-12.5,5.597-12.5,12.5v41.25c0,6.902,5.597,12.5,12.5,12.5h70c6.903,0,12.5-5.598,12.5-12.5v-41.25c0-6.903-5.597-12.5-12.5-12.5H12.5z\"\/><polygon fill=\"#FFFFFF\" points=\"39.992,64.299 39.992,30.701 62.075,47.5 \"\/><\/svg><\/div> <\/div> <\/div><\/div><\/div>[\/vc_column][\/vc_row][vc_row full_width=\u00bbstretch_row_content_no_spaces\u00bb equal_height=\u00bbyes\u00bb rtl_reverse=\u00bbyes\u00bb content_placement=\u00bbtop\u00bb enable_overlay=\u00bbenable_overlay_value\u00bb el_class=\u00bbreverse-row-on-mobile\u00bb css=\u00bb.vc_custom_1591088523714{margin-bottom: 0px !important;border-bottom-width: 0px !important;padding-bottom: 0px !important;background-position: center !important;background-repeat: no-repeat !important;background-size: cover !important;}\u00bb][vc_column css=\u00bb.vc_custom_1591107206433{margin-top: 0px !important;margin-bottom: 0px !important;border-top-width: 0px !important;border-bottom-width: 0px !important;padding-top: 15% !important;padding-right: 0px !important;padding-left: 0px !important;background-image: url(https:\/\/fisioioga.com\/web2020elena\/wp-content\/uploads\/2020\/06\/sandra-casellas-footer.png?id=3188) !important;background-position: center !important;background-repeat: no-repeat !important;background-size: cover !important;}\u00bb][\/vc_column][\/vc_row]<\/p>\n<\/div>","protected":false},"excerpt":{"rendered":"<p>[vc_row full_width=\u00bbstretch_row_content_no_spaces\u00bb equal_height=\u00bbyes\u00bb rtl_reverse=\u00bbyes\u00bb content_placement=\u00bbbottom\u00bb enable_overlay=\u00bbenable_overlay_value\u00bb el_class=\u00bbreverse-row-on-mobile\u00bb css=\u00bb.vc_custom_1591106668140{background-image: url(https:\/\/fisioioga.com\/web2020elena\/wp-content\/uploads\/2020\/06\/1.png?id=3175) !important;background-position: center !important;background-repeat: no-repeat !important;background-size: cover !important;}\u00bb][vc_column width=\u00bb1\/3&#8243; css=\u00bb.vc_custom_1591113737822{margin-top: 0px !important;margin-bottom: 0px !important;border-top-width: 0px !important;border-bottom-width: 0px !important;padding-bottom: 0px !important;background-position: center !important;background-repeat: no-repeat !important;background-size: cover !important;}\u00bb][vc_single_image image=\u00bb3441&#8243; img_size=\u00bbfull\u00bb css=\u00bb.vc_custom_1593872768208{margin-top: 0px !important;margin-bottom: 0px !important;border-top-width: 0px !important;border-bottom-width: 0px !important;padding-top: 0px !important;padding-bottom: 0px !important;}\u00bb][\/vc_column][vc_column css_animation=\u00bbfadeInUp\u00bb width=\u00bb1\/3&#8243; css=\u00bb.vc_custom_1591106380879{margin-bottom: 0px !important;border-bottom-width: 0px&hellip;<\/p>\n","protected":false},"author":1,"featured_media":0,"parent":0,"menu_order":5,"comment_status":"closed","ping_status":"closed","template":"","meta":{"_monsterinsights_skip_tracking":false,"_monsterinsights_sitenote_active":false,"_monsterinsights_sitenote_note":"","_monsterinsights_sitenote_category":0,"footnotes":""},"class_list":["post-3367","page","type-page","status-publish","hentry","description-off"],"yoast_head":"<!-- This site is optimized with the Yoast SEO plugin v24.3 - https:\/\/yoast.com\/wordpress\/plugins\/seo\/ -->\n<title>Sandra Casellas - Fisioterapeuta especializada en Fisioyoga<\/title>\n<meta name=\"description\" content=\"Fisioterapeuta especializada en fisioyoga. Instructor de fisio yoga. Modalidad online en video, sesiones para grupos e individuales. Primera sesi\u00f3n gratis!\" \/>\n<meta name=\"robots\" content=\"index, follow, max-snippet:-1, max-image-preview:large, max-video-preview:-1\" \/>\n<link rel=\"canonical\" href=\"https:\/\/fisioioga.com\/es\/sandra-casellas\/\" \/>\n<meta property=\"og:locale\" content=\"es_ES\" \/>\n<meta property=\"og:type\" content=\"article\" \/>\n<meta property=\"og:title\" content=\"Sandra Casellas - Fisioterapeuta especializada en Fisioyoga\" \/>\n<meta property=\"og:description\" content=\"Fisioterapeuta especializada en fisioyoga. Instructor de fisio yoga. Modalidad online en video, sesiones para grupos e individuales. Primera sesi\u00f3n gratis!\" \/>\n<meta property=\"og:url\" content=\"https:\/\/fisioioga.com\/es\/sandra-casellas\/\" \/>\n<meta property=\"og:site_name\" content=\"Fisio Ioga\" \/>\n<meta property=\"article:modified_time\" content=\"2020-07-13T08:04:21+00:00\" \/>\n<meta property=\"og:image\" content=\"https:\/\/fisioioga.com\/web2020elena\/wp-content\/uploads\/2020\/06\/sandra-casellas-300x211.png\" \/>\n<meta name=\"twitter:card\" content=\"summary_large_image\" \/>\n<meta name=\"twitter:label1\" content=\"Tiempo de lectura\" \/>\n\t<meta name=\"twitter:data1\" content=\"5 minutos\" \/>\n<script type=\"application\/ld+json\" class=\"yoast-schema-graph\">{\"@context\":\"https:\/\/schema.org\",\"@graph\":[{\"@type\":\"WebPage\",\"@id\":\"https:\/\/fisioioga.com\/es\/sandra-casellas\/\",\"url\":\"https:\/\/fisioioga.com\/es\/sandra-casellas\/\",\"name\":\"Sandra Casellas - Fisioterapeuta especializada en Fisioyoga\",\"isPartOf\":{\"@id\":\"https:\/\/fisioioga.com\/#website\"},\"primaryImageOfPage\":{\"@id\":\"https:\/\/fisioioga.com\/es\/sandra-casellas\/#primaryimage\"},\"image\":{\"@id\":\"https:\/\/fisioioga.com\/es\/sandra-casellas\/#primaryimage\"},\"thumbnailUrl\":\"https:\/\/fisioioga.com\/web2020elena\/wp-content\/uploads\/2020\/06\/sandra-casellas-300x211.png\",\"datePublished\":\"2020-06-26T08:34:37+00:00\",\"dateModified\":\"2020-07-13T08:04:21+00:00\",\"description\":\"Fisioterapeuta especializada en fisioyoga. Instructor de fisio yoga. Modalidad online en video, sesiones para grupos e individuales. Primera sesi\u00f3n gratis!\",\"breadcrumb\":{\"@id\":\"https:\/\/fisioioga.com\/es\/sandra-casellas\/#breadcrumb\"},\"inLanguage\":\"es\",\"potentialAction\":[{\"@type\":\"ReadAction\",\"target\":[\"https:\/\/fisioioga.com\/es\/sandra-casellas\/\"]}]},{\"@type\":\"ImageObject\",\"inLanguage\":\"es\",\"@id\":\"https:\/\/fisioioga.com\/es\/sandra-casellas\/#primaryimage\",\"url\":\"https:\/\/fisioioga.com\/web2020elena\/wp-content\/uploads\/2020\/06\/sandra-casellas-300x211.png\",\"contentUrl\":\"https:\/\/fisioioga.com\/web2020elena\/wp-content\/uploads\/2020\/06\/sandra-casellas-300x211.png\"},{\"@type\":\"BreadcrumbList\",\"@id\":\"https:\/\/fisioioga.com\/es\/sandra-casellas\/#breadcrumb\",\"itemListElement\":[{\"@type\":\"ListItem\",\"position\":1,\"name\":\"Inici\",\"item\":\"https:\/\/fisioioga.com\/es\/\"},{\"@type\":\"ListItem\",\"position\":2,\"name\":\"Sandra Casellas\"}]},{\"@type\":\"WebSite\",\"@id\":\"https:\/\/fisioioga.com\/#website\",\"url\":\"https:\/\/fisioioga.com\/\",\"name\":\"Fisio Ioga\",\"description\":\"Un altre lloc gestionat amb el WordPress\",\"potentialAction\":[{\"@type\":\"SearchAction\",\"target\":{\"@type\":\"EntryPoint\",\"urlTemplate\":\"https:\/\/fisioioga.com\/?s={search_term_string}\"},\"query-input\":{\"@type\":\"PropertyValueSpecification\",\"valueRequired\":true,\"valueName\":\"search_term_string\"}}],\"inLanguage\":\"es\"}]}<\/script>\n<!-- \/ Yoast SEO plugin. -->","yoast_head_json":{"title":"Sandra Casellas - Fisioterapeuta especializada en Fisioyoga","description":"Fisioterapeuta especializada en fisioyoga. Instructor de fisio yoga. Modalidad online en video, sesiones para grupos e individuales. Primera sesi\u00f3n gratis!","robots":{"index":"index","follow":"follow","max-snippet":"max-snippet:-1","max-image-preview":"max-image-preview:large","max-video-preview":"max-video-preview:-1"},"canonical":"https:\/\/fisioioga.com\/es\/sandra-casellas\/","og_locale":"es_ES","og_type":"article","og_title":"Sandra Casellas - Fisioterapeuta especializada en Fisioyoga","og_description":"Fisioterapeuta especializada en fisioyoga. Instructor de fisio yoga. Modalidad online en video, sesiones para grupos e individuales. Primera sesi\u00f3n gratis!","og_url":"https:\/\/fisioioga.com\/es\/sandra-casellas\/","og_site_name":"Fisio Ioga","article_modified_time":"2020-07-13T08:04:21+00:00","og_image":[{"url":"https:\/\/fisioioga.com\/web2020elena\/wp-content\/uploads\/2020\/06\/sandra-casellas-300x211.png","type":"","width":"","height":""}],"twitter_card":"summary_large_image","twitter_misc":{"Tiempo de lectura":"5 minutos"},"schema":{"@context":"https:\/\/schema.org","@graph":[{"@type":"WebPage","@id":"https:\/\/fisioioga.com\/es\/sandra-casellas\/","url":"https:\/\/fisioioga.com\/es\/sandra-casellas\/","name":"Sandra Casellas - Fisioterapeuta especializada en Fisioyoga","isPartOf":{"@id":"https:\/\/fisioioga.com\/#website"},"primaryImageOfPage":{"@id":"https:\/\/fisioioga.com\/es\/sandra-casellas\/#primaryimage"},"image":{"@id":"https:\/\/fisioioga.com\/es\/sandra-casellas\/#primaryimage"},"thumbnailUrl":"https:\/\/fisioioga.com\/web2020elena\/wp-content\/uploads\/2020\/06\/sandra-casellas-300x211.png","datePublished":"2020-06-26T08:34:37+00:00","dateModified":"2020-07-13T08:04:21+00:00","description":"Fisioterapeuta especializada en fisioyoga. Instructor de fisio yoga. Modalidad online en video, sesiones para grupos e individuales. Primera sesi\u00f3n gratis!","breadcrumb":{"@id":"https:\/\/fisioioga.com\/es\/sandra-casellas\/#breadcrumb"},"inLanguage":"es","potentialAction":[{"@type":"ReadAction","target":["https:\/\/fisioioga.com\/es\/sandra-casellas\/"]}]},{"@type":"ImageObject","inLanguage":"es","@id":"https:\/\/fisioioga.com\/es\/sandra-casellas\/#primaryimage","url":"https:\/\/fisioioga.com\/web2020elena\/wp-content\/uploads\/2020\/06\/sandra-casellas-300x211.png","contentUrl":"https:\/\/fisioioga.com\/web2020elena\/wp-content\/uploads\/2020\/06\/sandra-casellas-300x211.png"},{"@type":"BreadcrumbList","@id":"https:\/\/fisioioga.com\/es\/sandra-casellas\/#breadcrumb","itemListElement":[{"@type":"ListItem","position":1,"name":"Inici","item":"https:\/\/fisioioga.com\/es\/"},{"@type":"ListItem","position":2,"name":"Sandra Casellas"}]},{"@type":"WebSite","@id":"https:\/\/fisioioga.com\/#website","url":"https:\/\/fisioioga.com\/","name":"Fisio Ioga","description":"Un altre lloc gestionat amb el WordPress","potentialAction":[{"@type":"SearchAction","target":{"@type":"EntryPoint","urlTemplate":"https:\/\/fisioioga.com\/?s={search_term_string}"},"query-input":{"@type":"PropertyValueSpecification","valueRequired":true,"valueName":"search_term_string"}}],"inLanguage":"es"}]}},"jetpack_sharing_enabled":true,"_links":{"self":[{"href":"https:\/\/fisioioga.com\/es\/wp-json\/wp\/v2\/pages\/3367","targetHints":{"allow":["GET"]}}],"collection":[{"href":"https:\/\/fisioioga.com\/es\/wp-json\/wp\/v2\/pages"}],"about":[{"href":"https:\/\/fisioioga.com\/es\/wp-json\/wp\/v2\/types\/page"}],"author":[{"embeddable":true,"href":"https:\/\/fisioioga.com\/es\/wp-json\/wp\/v2\/users\/1"}],"replies":[{"embeddable":true,"href":"https:\/\/fisioioga.com\/es\/wp-json\/wp\/v2\/comments?post=3367"}],"version-history":[{"count":13,"href":"https:\/\/fisioioga.com\/es\/wp-json\/wp\/v2\/pages\/3367\/revisions"}],"predecessor-version":[{"id":3521,"href":"https:\/\/fisioioga.com\/es\/wp-json\/wp\/v2\/pages\/3367\/revisions\/3521"}],"wp:attachment":[{"href":"https:\/\/fisioioga.com\/es\/wp-json\/wp\/v2\/media?parent=3367"}],"curies":[{"name":"wp","href":"https:\/\/api.w.org\/{rel}","templated":true}]}}