{"id":3594,"date":"2025-01-28T18:33:31","date_gmt":"2025-01-28T16:33:31","guid":{"rendered":"https:\/\/fisioioga.com\/politica-de-accesibilidad\/"},"modified":"2025-01-28T18:59:54","modified_gmt":"2025-01-28T16:59:54","slug":"politica-de-accesibilidad","status":"publish","type":"page","link":"https:\/\/fisioioga.com\/es\/politica-de-accesibilidad\/","title":{"rendered":"Pol\u00edtica de Accesibilidad"},"content":{"rendered":"\n<p>En la construcci\u00f3n de la p\u00e1gina web de https:\/\/fisioioga.com\/\u00a0se han adoptado medidas con el objetivo de que el mayor n\u00famero posible de personas puedan llegar a la informaci\u00f3n que se transmite en ella, independientemente de las limitaciones de la persona o de las que se deriven del contexto de uso.<\/p>\n\n\n\n<p>As\u00ed, en la confecci\u00f3n del portal se han tenido en cuenta los siguientes aspectos:<\/p>\n\n\n\n<ul class=\"wp-block-list\">\n<li>Uso de CSS para la presentaci\u00f3n de la informaci\u00f3n.<\/li>\n\n\n\n<li>Etiquetas de marcaje.<\/li>\n\n\n\n<li>Sistemas de navegaci\u00f3n usables, intuitivos y alternativos.<\/li>\n\n\n\n<li>Descripciones alternativas en las im\u00e1genes.<\/li>\n\n\n\n<li>Verificaciones en la visualizaci\u00f3n con diferentes navegadores y dispositivos.<\/li>\n\n\n\n<li>Utilizaci\u00f3n de formatos universales y alternativos.<\/li>\n\n\n\n<li>Los enlaces ofrecen detalles de la funci\u00f3n o destino del hiperv\u00ednculo.<\/li>\n\n\n\n<li>Uso de los est\u00e1ndares del W3C.<\/li>\n\n\n\n<li>Acceso mediante atajos teclado a las principales opciones.<\/li>\n<\/ul>\n\n\n\n<h3 class=\"wp-block-heading\">Cumplimiento de los est\u00e1ndares<\/h3>\n\n\n\n<p>Las p\u00e1ginas de este sitio Web cumplen la marca AA seg\u00fan la Norma UNE 139803:2004 y las Directrices de Accesibilidad para el Contenido Web 1.0 del W3C. Todos los requisitos de Prioridad 1 y Prioridad 2 y un subconjunto de los requisitos de Prioridad 3 han sido comprobados con un an\u00e1lisis manual de la accesibilidad a trav\u00e9s de diferentes herramientas semi-autom\u00e1ticas y agentes de usuario.<\/p>\n\n\n\n<h3 class=\"wp-block-heading\">Atajos de teclado<\/h3>\n\n\n\n<p>En esta Web puede hacer saltos ordenados en el contenido con la tecla Tab.<\/p>\n\n\n\n<h3 class=\"wp-block-heading\">Tama\u00f1o del texto<\/h3>\n\n\n\n<p>El dise\u00f1o accesible permite que el usuario pueda ajustar las fuentes al tama\u00f1o que le convenga. Esta acci\u00f3n puede llevarse a cabo de diferentes maneras seg\u00fan el navegador web que se utilice. A continuaci\u00f3n se indica la acci\u00f3n de men\u00fa donde se encuentra esta funcionalidad en los navegadores m\u00e1s frecuentes:<\/p>\n\n\n\n<ul class=\"wp-block-list\">\n<li>Mozilla Firefox: Ver &gt; Tama\u00f1o de texto &gt; Incrementar Internet<\/li>\n\n\n\n<li>Internet Explorer: Ver &gt; Tama\u00f1o de texto &gt; M\u00e1s grande<\/li>\n\n\n\n<li>Opera: View &gt; Zoom &gt; %<\/li>\n\n\n\n<li>Safari: View &gt; Make text bigger<\/li>\n\n\n\n<li>Google Chrome: Herramientas &gt; Zoom<\/li>\n<\/ul>\n\n\n\n<h3 class=\"wp-block-heading\">Configuraci\u00f3n t\u00e9cnica<\/h3>\n\n\n\n<p>Las p\u00e1ginas web est\u00e1n creadas con el CMS WordPress 6.1.1.<\/p>\n\n\n\n<h3 class=\"wp-block-heading\">Informaci\u00f3n \u00fatil sobre la accesibilidad<\/h3>\n\n\n\n<p>Seguidamente se exponen una serie de enlaces organizados en diferentes categor\u00edas \u00fatiles para obtener m\u00e1s informaci\u00f3n sobre la accesibilidad.<\/p>\n\n\n\n<h4 class=\"wp-block-heading\">Accesibilidad normas y documentos t\u00e9cnicos:<\/h4>\n\n\n\n<p><a href=\"http:\/\/www.w3c.org\/\" target=\"_blank\" rel=\"noreferrer noopener\">http:\/\/www.w3c.org\/<\/a><br>Consorcio World Wide Web, grupo de trabajo de \u00e1mbito internacional que dicta l\u00edneas generales relacionadas con la web.<\/p>\n\n\n\n<p><a href=\"http:\/\/www.w3c.org\/wai\/\" target=\"_blank\" rel=\"noreferrer noopener\">http:\/\/www.w3c.org\/wai\/<\/a><br>Iniciativa de Accesibilidad Web del W3C.<\/p>\n","protected":false},"excerpt":{"rendered":"<p>En la construcci\u00f3n de la p\u00e1gina web de https:\/\/fisioioga.com\/\u00a0se han adoptado medidas con el objetivo de que el mayor n\u00famero posible de personas puedan llegar a la informaci\u00f3n que se transmite en ella, independientemente de las limitaciones de la persona o de las que se deriven del contexto de uso. As\u00ed, en la confecci\u00f3n del&hellip;<\/p>\n","protected":false},"author":4,"featured_media":0,"parent":0,"menu_order":0,"comment_status":"closed","ping_status":"closed","template":"","meta":{"_monsterinsights_skip_tracking":false,"_monsterinsights_sitenote_active":false,"_monsterinsights_sitenote_note":"","_monsterinsights_sitenote_category":0,"footnotes":""},"class_list":["post-3594","page","type-page","status-publish","hentry","description-off"],"yoast_head":"<!-- This site is optimized with the Yoast SEO plugin v24.3 - https:\/\/yoast.com\/wordpress\/plugins\/seo\/ -->\n<title>Pol\u00edtica de Accesibilidad - Fisio Ioga<\/title>\n<meta name=\"robots\" content=\"index, follow, max-snippet:-1, max-image-preview:large, max-video-preview:-1\" \/>\n<link rel=\"canonical\" href=\"https:\/\/fisioioga.com\/es\/politica-de-accesibilidad\/\" \/>\n<meta property=\"og:locale\" content=\"es_ES\" \/>\n<meta property=\"og:type\" content=\"article\" \/>\n<meta property=\"og:title\" content=\"Pol\u00edtica de Accesibilidad - Fisio Ioga\" \/>\n<meta property=\"og:description\" content=\"En la construcci\u00f3n de la p\u00e1gina web de https:\/\/fisioioga.com\/\u00a0se han adoptado medidas con el objetivo de que el mayor n\u00famero posible de personas puedan llegar a la informaci\u00f3n que se transmite en ella, independientemente de las limitaciones de la persona o de las que se deriven del contexto de uso. As\u00ed, en la confecci\u00f3n del&hellip;\" \/>\n<meta property=\"og:url\" content=\"https:\/\/fisioioga.com\/es\/politica-de-accesibilidad\/\" \/>\n<meta property=\"og:site_name\" content=\"Fisio Ioga\" \/>\n<meta property=\"article:modified_time\" content=\"2025-01-28T16:59:54+00:00\" \/>\n<meta name=\"twitter:card\" content=\"summary_large_image\" \/>\n<meta name=\"twitter:label1\" content=\"Tiempo de lectura\" \/>\n\t<meta name=\"twitter:data1\" content=\"2 minutos\" \/>\n<script type=\"application\/ld+json\" class=\"yoast-schema-graph\">{\"@context\":\"https:\/\/schema.org\",\"@graph\":[{\"@type\":\"WebPage\",\"@id\":\"https:\/\/fisioioga.com\/es\/politica-de-accesibilidad\/\",\"url\":\"https:\/\/fisioioga.com\/es\/politica-de-accesibilidad\/\",\"name\":\"Pol\u00edtica de Accesibilidad - Fisio Ioga\",\"isPartOf\":{\"@id\":\"https:\/\/fisioioga.com\/#website\"},\"datePublished\":\"2025-01-28T16:33:31+00:00\",\"dateModified\":\"2025-01-28T16:59:54+00:00\",\"breadcrumb\":{\"@id\":\"https:\/\/fisioioga.com\/es\/politica-de-accesibilidad\/#breadcrumb\"},\"inLanguage\":\"es\",\"potentialAction\":[{\"@type\":\"ReadAction\",\"target\":[\"https:\/\/fisioioga.com\/es\/politica-de-accesibilidad\/\"]}]},{\"@type\":\"BreadcrumbList\",\"@id\":\"https:\/\/fisioioga.com\/es\/politica-de-accesibilidad\/#breadcrumb\",\"itemListElement\":[{\"@type\":\"ListItem\",\"position\":1,\"name\":\"Inici\",\"item\":\"https:\/\/fisioioga.com\/es\/\"},{\"@type\":\"ListItem\",\"position\":2,\"name\":\"Pol\u00edtica de Accesibilidad\"}]},{\"@type\":\"WebSite\",\"@id\":\"https:\/\/fisioioga.com\/#website\",\"url\":\"https:\/\/fisioioga.com\/\",\"name\":\"Fisio Ioga\",\"description\":\"Un altre lloc gestionat amb el WordPress\",\"potentialAction\":[{\"@type\":\"SearchAction\",\"target\":{\"@type\":\"EntryPoint\",\"urlTemplate\":\"https:\/\/fisioioga.com\/?s={search_term_string}\"},\"query-input\":{\"@type\":\"PropertyValueSpecification\",\"valueRequired\":true,\"valueName\":\"search_term_string\"}}],\"inLanguage\":\"es\"}]}<\/script>\n<!-- \/ Yoast SEO plugin. -->","yoast_head_json":{"title":"Pol\u00edtica de Accesibilidad - Fisio Ioga","robots":{"index":"index","follow":"follow","max-snippet":"max-snippet:-1","max-image-preview":"max-image-preview:large","max-video-preview":"max-video-preview:-1"},"canonical":"https:\/\/fisioioga.com\/es\/politica-de-accesibilidad\/","og_locale":"es_ES","og_type":"article","og_title":"Pol\u00edtica de Accesibilidad - Fisio Ioga","og_description":"En la construcci\u00f3n de la p\u00e1gina web de https:\/\/fisioioga.com\/\u00a0se han adoptado medidas con el objetivo de que el mayor n\u00famero posible de personas puedan llegar a la informaci\u00f3n que se transmite en ella, independientemente de las limitaciones de la persona o de las que se deriven del contexto de uso. As\u00ed, en la confecci\u00f3n del&hellip;","og_url":"https:\/\/fisioioga.com\/es\/politica-de-accesibilidad\/","og_site_name":"Fisio Ioga","article_modified_time":"2025-01-28T16:59:54+00:00","twitter_card":"summary_large_image","twitter_misc":{"Tiempo de lectura":"2 minutos"},"schema":{"@context":"https:\/\/schema.org","@graph":[{"@type":"WebPage","@id":"https:\/\/fisioioga.com\/es\/politica-de-accesibilidad\/","url":"https:\/\/fisioioga.com\/es\/politica-de-accesibilidad\/","name":"Pol\u00edtica de Accesibilidad - Fisio Ioga","isPartOf":{"@id":"https:\/\/fisioioga.com\/#website"},"datePublished":"2025-01-28T16:33:31+00:00","dateModified":"2025-01-28T16:59:54+00:00","breadcrumb":{"@id":"https:\/\/fisioioga.com\/es\/politica-de-accesibilidad\/#breadcrumb"},"inLanguage":"es","potentialAction":[{"@type":"ReadAction","target":["https:\/\/fisioioga.com\/es\/politica-de-accesibilidad\/"]}]},{"@type":"BreadcrumbList","@id":"https:\/\/fisioioga.com\/es\/politica-de-accesibilidad\/#breadcrumb","itemListElement":[{"@type":"ListItem","position":1,"name":"Inici","item":"https:\/\/fisioioga.com\/es\/"},{"@type":"ListItem","position":2,"name":"Pol\u00edtica de Accesibilidad"}]},{"@type":"WebSite","@id":"https:\/\/fisioioga.com\/#website","url":"https:\/\/fisioioga.com\/","name":"Fisio Ioga","description":"Un altre lloc gestionat amb el WordPress","potentialAction":[{"@type":"SearchAction","target":{"@type":"EntryPoint","urlTemplate":"https:\/\/fisioioga.com\/?s={search_term_string}"},"query-input":{"@type":"PropertyValueSpecification","valueRequired":true,"valueName":"search_term_string"}}],"inLanguage":"es"}]}},"jetpack_sharing_enabled":true,"_links":{"self":[{"href":"https:\/\/fisioioga.com\/es\/wp-json\/wp\/v2\/pages\/3594","targetHints":{"allow":["GET"]}}],"collection":[{"href":"https:\/\/fisioioga.com\/es\/wp-json\/wp\/v2\/pages"}],"about":[{"href":"https:\/\/fisioioga.com\/es\/wp-json\/wp\/v2\/types\/page"}],"author":[{"embeddable":true,"href":"https:\/\/fisioioga.com\/es\/wp-json\/wp\/v2\/users\/4"}],"replies":[{"embeddable":true,"href":"https:\/\/fisioioga.com\/es\/wp-json\/wp\/v2\/comments?post=3594"}],"version-history":[{"count":2,"href":"https:\/\/fisioioga.com\/es\/wp-json\/wp\/v2\/pages\/3594\/revisions"}],"predecessor-version":[{"id":3624,"href":"https:\/\/fisioioga.com\/es\/wp-json\/wp\/v2\/pages\/3594\/revisions\/3624"}],"wp:attachment":[{"href":"https:\/\/fisioioga.com\/es\/wp-json\/wp\/v2\/media?parent=3594"}],"curies":[{"name":"wp","href":"https:\/\/api.w.org\/{rel}","templated":true}]}}